{"id":2815,"date":"2025-03-13T16:37:41","date_gmt":"2025-03-13T15:37:41","guid":{"rendered":"https:\/\/helmutvondensteinen.eu\/startseite\/"},"modified":"2026-02-12T09:39:30","modified_gmt":"2026-02-12T08:39:30","slug":"startseite","status":"publish","type":"page","link":"https:\/\/helmutvondensteinen.eu\/el\/","title":{"rendered":"Startseite"},"content":{"rendered":"<div class=\"lazyblock-intro-frontpage-GH0wv wp-block-lazyblock-intro-frontpage\"><!-- Block: Intro frontpage -->\n\n\n\n<section class=\"block-intro-frontpage\">\n            <h1>Odyssee durch die Moderne<\/h1>\n    \n            <p class=\"block-intro-frontpage__intro\">Der <em>Weltenwanderer<\/em> Helmut von den Steinen zwischen George-Kreis, griechischen Horizonten und interkultureller Philosophie<\/p>\n    \n    <div class=\"block-intro-frontpage__slider\">\n                    \n            <img decoding=\"async\" src=\"https:\/\/helmutvondensteinen.eu\/wp-content\/uploads\/2025\/07\/01-1.webp\" alt=\"\" style=\"opacity: 1;);\">\n                    \n            <img decoding=\"async\" src=\"https:\/\/helmutvondensteinen.eu\/wp-content\/uploads\/2025\/06\/03-3.webp\" alt=\"\" style=\"opacity: 0;);\">\n                    \n            <img decoding=\"async\" src=\"https:\/\/helmutvondensteinen.eu\/wp-content\/uploads\/2025\/07\/01-1.webp\" alt=\"\" style=\"opacity: 0;);\">\n                    \n            <img decoding=\"async\" src=\"https:\/\/helmutvondensteinen.eu\/wp-content\/uploads\/2025\/06\/06-3.webp\" alt=\"\" style=\"opacity: 0;);\">\n                    \n            <img decoding=\"async\" src=\"https:\/\/helmutvondensteinen.eu\/wp-content\/uploads\/2025\/07\/01-1.webp\" alt=\"\" style=\"opacity: 0;);\">\n                    \n            <img decoding=\"async\" src=\"https:\/\/helmutvondensteinen.eu\/wp-content\/uploads\/2025\/06\/01-1.webp\" alt=\"\" style=\"opacity: 0;);\">\n                    \n            <img decoding=\"async\" src=\"https:\/\/helmutvondensteinen.eu\/wp-content\/uploads\/2025\/07\/01-1.webp\" alt=\"\" style=\"opacity: 0;);\">\n                    \n            <img decoding=\"async\" src=\"https:\/\/helmutvondensteinen.eu\/wp-content\/uploads\/2025\/06\/04-1.webp\" alt=\"\" style=\"opacity: 0;);\">\n                    \n            <img decoding=\"async\" src=\"https:\/\/helmutvondensteinen.eu\/wp-content\/uploads\/2025\/07\/01-1.webp\" alt=\"\" style=\"opacity: 0;);\">\n                    \n            <img decoding=\"async\" src=\"https:\/\/helmutvondensteinen.eu\/wp-content\/uploads\/2025\/07\/07-8.webp\" alt=\"\" style=\"opacity: 0;);\">\n                    \n            <img decoding=\"async\" src=\"https:\/\/helmutvondensteinen.eu\/wp-content\/uploads\/2025\/07\/01-1.webp\" alt=\"\" style=\"opacity: 0;);\">\n                    \n            <img decoding=\"async\" src=\"https:\/\/helmutvondensteinen.eu\/wp-content\/uploads\/2025\/07\/01-7.webp\" alt=\"\" style=\"opacity: 0;);\">\n                    \n            <img decoding=\"async\" src=\"https:\/\/helmutvondensteinen.eu\/wp-content\/uploads\/2025\/07\/01-1.webp\" alt=\"\" style=\"opacity: 0;);\">\n                    \n            <img decoding=\"async\" src=\"https:\/\/helmutvondensteinen.eu\/wp-content\/uploads\/2025\/07\/10_01.webp\" alt=\"\" style=\"opacity: 0;);\">\n                    \n            <img decoding=\"async\" src=\"https:\/\/helmutvondensteinen.eu\/wp-content\/uploads\/2025\/07\/01-1.webp\" alt=\"\" style=\"opacity: 0;);\">\n                    \n            <img decoding=\"async\" src=\"https:\/\/helmutvondensteinen.eu\/wp-content\/uploads\/2025\/07\/02_01-1.webp\" alt=\"\" style=\"opacity: 0;);\">\n                    \n            <img decoding=\"async\" src=\"https:\/\/helmutvondensteinen.eu\/wp-content\/uploads\/2025\/07\/01-1.webp\" alt=\"\" style=\"opacity: 0;);\">\n                    \n            <img decoding=\"async\" src=\"https:\/\/helmutvondensteinen.eu\/wp-content\/uploads\/2025\/07\/07-6.webp\" alt=\"\" style=\"opacity: 0;);\">\n                    \n            <img decoding=\"async\" src=\"https:\/\/helmutvondensteinen.eu\/wp-content\/uploads\/2025\/07\/01-1.webp\" alt=\"\" style=\"opacity: 0;);\">\n                    \n            <img decoding=\"async\" src=\"https:\/\/helmutvondensteinen.eu\/wp-content\/uploads\/2025\/07\/01-5.webp\" alt=\"\" style=\"opacity: 0;);\">\n                    \n            <img decoding=\"async\" src=\"https:\/\/helmutvondensteinen.eu\/wp-content\/uploads\/2025\/07\/01-1.webp\" alt=\"\" style=\"opacity: 0;);\">\n                    \n            <img decoding=\"async\" src=\"https:\/\/helmutvondensteinen.eu\/wp-content\/uploads\/2025\/07\/05-4.webp\" alt=\"\" style=\"opacity: 0;);\">\n                    \n            <img decoding=\"async\" src=\"https:\/\/helmutvondensteinen.eu\/wp-content\/uploads\/2025\/07\/01-1.webp\" alt=\"\" style=\"opacity: 0;);\">\n                    \n            <img decoding=\"async\" src=\"https:\/\/helmutvondensteinen.eu\/wp-content\/uploads\/2025\/07\/01-3.webp\" alt=\"\" style=\"opacity: 0;);\">\n                    \n            <img decoding=\"async\" src=\"https:\/\/helmutvondensteinen.eu\/wp-content\/uploads\/2025\/07\/01-1.webp\" alt=\"\" style=\"opacity: 0;);\">\n                    \n            <img decoding=\"async\" src=\"https:\/\/helmutvondensteinen.eu\/wp-content\/uploads\/2025\/07\/04_01.webp\" alt=\"\" style=\"opacity: 0;);\">\n            <\/div>\n\n            <p class=\"block-intro-frontpage__subline\">Ein Itinerar<\/p>\n    \n            <p>Der Publizist, Kulturhistoriker, Dichter, \u00dcbersetzer und Philosoph Helmut von den Steinen schuf seit den Jahren um den Ersten Weltkrieg ein so vielseitiges wie zun\u00e4chst schwer \u00fcberschaubares Werk. Es geht von Stefan George, der Klassischen Antike und Immanuel Kant aus, nimmt aber auch zahlreiche ethnologische, soziologische und komparatistische Motive auf. Zugleich erkundet es heterogene politische Positionen von der Konservativen Revolution bis zum Kommunismus. Geographisch schl\u00e4gt es von Deutschland, dann aber auch von Bulgarien, Italien, Ostafrika, Pal\u00e4stina\/Israel, \u00c4gypten und vor allem Griechenland aus einen weiten Bogen rund um den Globus und ber\u00fchrt dabei insbesondere China und Indien. In den 1940er und 1950er Jahren verdichtet es sich zu einem interkulturellen Paradigma, das auch aus heutiger Perspektive wegweisend wirkt. Bedingt durch die Dauerhaftigkeit und die n\u00e4heren Umst\u00e4nde seiner Emigration, haben die faszinierenden literarischen und wissenschaftlichen Spuren von Helmut von den Steinens Gang durch die Moderne bisher nur sporadisch Aufmerksamkeit gefunden. Die aktuelle Webseite weist auf sie hin.<\/p>\n    \n    <div class=\"block-intro-frontpage__buttons\">\n                    <a href=\"https:\/\/helmutvondensteinen.eu\/lebensweg\/\">\n                Lebensweg entdecken                <span><svg width=\"62\" height=\"30\" viewBox=\"0 0 62 30\" fill=\"none\" xmlns=\"http:\/\/www.w3.org\/2000\/svg\">\n    <path id=\"test\" d=\"M61.4142 16.4142C62.1953 15.6332 62.1953 14.3668 61.4142 13.5858L48.6863 0.857864C47.9052 0.0768156 46.6389 0.0768156 45.8579 0.857864C45.0768 1.63891 45.0768 2.90524 45.8579 3.68629L57.1716 15L45.8579 26.3137C45.0768 27.0948 45.0768 28.3611 45.8579 29.1421C46.6389 29.9232 47.9052 29.9232 48.6863 29.1421L61.4142 16.4142ZM0 17H60V13H0V17Z\" fill=\"#3b3b3b\"\/>\n<\/svg><\/span>\n            <\/a>\n        \n                    <a href=\"https:\/\/helmutvondensteinen.eu\/themen\/\">\n                Themenfelder entdecken                <span><svg width=\"62\" height=\"30\" viewBox=\"0 0 62 30\" fill=\"none\" xmlns=\"http:\/\/www.w3.org\/2000\/svg\">\n    <path id=\"test\" d=\"M61.4142 16.4142C62.1953 15.6332 62.1953 14.3668 61.4142 13.5858L48.6863 0.857864C47.9052 0.0768156 46.6389 0.0768156 45.8579 0.857864C45.0768 1.63891 45.0768 2.90524 45.8579 3.68629L57.1716 15L45.8579 26.3137C45.0768 27.0948 45.0768 28.3611 45.8579 29.1421C46.6389 29.9232 47.9052 29.9232 48.6863 29.1421L61.4142 16.4142ZM0 17H60V13H0V17Z\" fill=\"#3b3b3b\"\/>\n<\/svg><\/span>\n            <\/a>\n            <\/div>\n<\/section>\n\n\n\n\n<script src=\"https:\/\/helmutvondensteinen.eu\/wp-content\/themes\/helmut-steinen-theme\/assets\/js\/block-intro-frontpage.js\"><\/script><\/div>","protected":false},"excerpt":{"rendered":"","protected":false},"author":1,"featured_media":0,"parent":0,"menu_order":0,"comment_status":"closed","ping_status":"closed","template":"","meta":{"_acf_changed":false,"_seopress_robots_primary_cat":"","_seopress_titles_title":"","_seopress_titles_desc":"","_seopress_robots_index":"","footnotes":""},"class_list":["post-2815","page","type-page","status-publish"],"acf":[],"_links":{"self":[{"href":"https:\/\/helmutvondensteinen.eu\/el\/wp-json\/wp\/v2\/pages\/2815","targetHints":{"allow":["GET"]}}],"collection":[{"href":"https:\/\/helmutvondensteinen.eu\/el\/wp-json\/wp\/v2\/pages"}],"about":[{"href":"https:\/\/helmutvondensteinen.eu\/el\/wp-json\/wp\/v2\/types\/page"}],"author":[{"embeddable":true,"href":"https:\/\/helmutvondensteinen.eu\/el\/wp-json\/wp\/v2\/users\/1"}],"replies":[{"embeddable":true,"href":"https:\/\/helmutvondensteinen.eu\/el\/wp-json\/wp\/v2\/comments?post=2815"}],"version-history":[{"count":10,"href":"https:\/\/helmutvondensteinen.eu\/el\/wp-json\/wp\/v2\/pages\/2815\/revisions"}],"predecessor-version":[{"id":3136,"href":"https:\/\/helmutvondensteinen.eu\/el\/wp-json\/wp\/v2\/pages\/2815\/revisions\/3136"}],"wp:attachment":[{"href":"https:\/\/helmutvondensteinen.eu\/el\/wp-json\/wp\/v2\/media?parent=2815"}],"curies":[{"name":"wp","href":"https:\/\/api.w.org\/{rel}","templated":true}]}}